{"id":108,"date":"2016-03-26T22:38:08","date_gmt":"2016-03-26T22:38:08","guid":{"rendered":"http:\/\/fotostudio24.de\/?page_id=108"},"modified":"2016-03-26T22:38:08","modified_gmt":"2016-03-26T22:38:08","slug":"vita","status":"publish","type":"page","link":"https:\/\/fotostudio24.de\/?page_id=108","title":{"rendered":"Vita"},"content":{"rendered":"<p><img loading=\"lazy\" decoding=\"async\" class=\"alignnone size-full wp-image-110\" src=\"http:\/\/fotostudio24.de\/wp-content\/uploads\/2016\/03\/Facebook_banner_luger970.jpg\" alt=\"\" width=\"970\" height=\"315\" srcset=\"https:\/\/fotostudio24.de\/wp-content\/uploads\/2016\/03\/Facebook_banner_luger970.jpg 970w, https:\/\/fotostudio24.de\/wp-content\/uploads\/2016\/03\/Facebook_banner_luger970-300x97.jpg 300w, https:\/\/fotostudio24.de\/wp-content\/uploads\/2016\/03\/Facebook_banner_luger970-768x249.jpg 768w, https:\/\/fotostudio24.de\/wp-content\/uploads\/2016\/03\/Facebook_banner_luger970-920x299.jpg 920w, https:\/\/fotostudio24.de\/wp-content\/uploads\/2016\/03\/Facebook_banner_luger970-340x110.jpg 340w, https:\/\/fotostudio24.de\/wp-content\/uploads\/2016\/03\/Facebook_banner_luger970-306x99.jpg 306w, https:\/\/fotostudio24.de\/wp-content\/uploads\/2016\/03\/Facebook_banner_luger970-260x84.jpg 260w\" sizes=\"(max-width: 970px) 100vw, 970px\" \/><\/p>\n<p>&nbsp;<\/p>\n<div class=\"one_half \">\nFrank Luger wurde 1968 in Reutlingen geboren und photographiert<br \/>\nseit dem 15. Lebensjahr. Er wurde in Kiel zum Photographen ausgebildet und absolvierte die Meisterpr\u00fcfung in M\u00fcnchen.<\/p>\n<p>\u00bbIch m\u00f6chte Botschafter von Stimmungen und Informationen sein. Mein Feingef\u00fchl daf\u00fcr im richtigen Moment den Ausl\u00f6ser zu dr\u00fccken nutzen um Menschen zu portraitieren aber auch um Realit\u00e4ten zu inszenieren.<br \/>\nIch versuche, dem Betrachter einen anderen Blick f\u00fcrs vermeintlich \u00bbAllt\u00e4gliche\u00ab zu geben, ihm je nach Projekt neuen Glanz zu<br \/>\nverleihen, Emotionen zu wecken, durch Bildkomposition und Lichtarbeit den entscheidenden Unterschied herbeizuzaubern, der<br \/>\naus einem normalen Photo ein unvergleichliches Bild macht.<\/p><\/div>\n<div class=\"one_half last \">Die Herausforderung in der Photographie liegt darin, im Design des Photos alle Teile zu einem perfekten Ganzen zu verbinden. Die stimmige Lichtf\u00fchrung, die authentische Location, der richtige Bildausschnitt und das \u00fcberzeugende Motiv fliessen zu einer Komposition zusammen&#8230; doch erst der richtige Moment, der kurze Augenaufschlag oder der sanfte Windhauch lassen das perfekte Bild entstehen.<\/p>\n<p>Die Faszination, Momente festzuhalten und durch ein Photo tiefe Emotionen ausdr\u00fccken zu k\u00f6nnen, Fantasie, W\u00fcnsche und Begehren zu kreieren ist mein t\u00e4glicher Ansporn in all meinen Arbeiten.\u00ab<\/p><\/div>\n<p><br class=\"clear\"\/><\/p>\n<p>&nbsp;<\/p>\n<p><strong>Erhaltene Auszeichnungen:<\/strong><br \/>\n2011 IPQ Intern. Photographer of Excellence &#8211; bpp<br \/>\n2011 Photographer of the Year &#8211; bpp<br \/>\n2011 Bestes IPQ Panel des Jahres 2011 Kategorie Portrait<br \/>\n2012 Auszeichnung Certified Member *** -bpp<br \/>\n2012 Qualifiziert f\u00fcr LPC -Live Portrait Contest- International<br \/>\n2012 4. Platz Emotional Moments Weddig -bpp<br \/>\n2013 Bronze Medaille Jahrescontest PPC<br \/>\n2014\/16 Auszeichnung Certified Member *** -bpp<\/p>\n","protected":false},"excerpt":{"rendered":"<p>&nbsp; &nbsp; Erhaltene Auszeichnungen: 2011 IPQ Intern. Photographer of Excellence &#8211; bpp 2011 Photographer of the Year &#8211; bpp 2011 Bestes IPQ Panel des Jahres 2011 Kategorie Portrait 2012 Auszeichnung Certified Member *** -bpp 2012 Qualifiziert f\u00fcr LPC -Live Portrait Contest- International 2012 4. Platz Emotional Moments Weddig -bpp 2013 Bronze Medaille Jahrescontest PPC 2014\/16 [&hellip;]<\/p>\n","protected":false},"author":1,"featured_media":0,"parent":0,"menu_order":0,"comment_status":"closed","ping_status":"closed","template":"","meta":{"footnotes":""},"_links":{"self":[{"href":"https:\/\/fotostudio24.de\/index.php?rest_route=\/wp\/v2\/pages\/108"}],"collection":[{"href":"https:\/\/fotostudio24.de\/index.php?rest_route=\/wp\/v2\/pages"}],"about":[{"href":"https:\/\/fotostudio24.de\/index.php?rest_route=\/wp\/v2\/types\/page"}],"author":[{"embeddable":true,"href":"https:\/\/fotostudio24.de\/index.php?rest_route=\/wp\/v2\/users\/1"}],"replies":[{"embeddable":true,"href":"https:\/\/fotostudio24.de\/index.php?rest_route=%2Fwp%2Fv2%2Fcomments&post=108"}],"version-history":[{"count":3,"href":"https:\/\/fotostudio24.de\/index.php?rest_route=\/wp\/v2\/pages\/108\/revisions"}],"predecessor-version":[{"id":112,"href":"https:\/\/fotostudio24.de\/index.php?rest_route=\/wp\/v2\/pages\/108\/revisions\/112"}],"wp:attachment":[{"href":"https:\/\/fotostudio24.de\/index.php?rest_route=%2Fwp%2Fv2%2Fmedia&parent=108"}],"curies":[{"name":"wp","href":"https:\/\/api.w.org\/{rel}","templated":true}]}}