{"id":284,"date":"2016-05-22T11:33:25","date_gmt":"2016-05-22T11:33:25","guid":{"rendered":"http:\/\/fotostudio24.de\/?page_id=284"},"modified":"2018-01-07T20:00:41","modified_gmt":"2018-01-07T20:00:41","slug":"coaching","status":"publish","type":"page","link":"https:\/\/fotostudio24.de\/?page_id=284","title":{"rendered":"Coaching"},"content":{"rendered":"<p><span style=\"color: #ffcc99;\"><strong><span style=\"color: #ff9900;\">\u00a0<img loading=\"lazy\" decoding=\"async\" class=\"alignnone wp-image-295\" src=\"http:\/\/fotostudio24.de\/wp-content\/uploads\/2016\/03\/40-1024x768.jpg\" alt=\"\" width=\"317\" height=\"238\" srcset=\"https:\/\/fotostudio24.de\/wp-content\/uploads\/2016\/03\/40-1024x768.jpg 1024w, https:\/\/fotostudio24.de\/wp-content\/uploads\/2016\/03\/40-300x225.jpg 300w, https:\/\/fotostudio24.de\/wp-content\/uploads\/2016\/03\/40-768x576.jpg 768w, https:\/\/fotostudio24.de\/wp-content\/uploads\/2016\/03\/40-920x690.jpg 920w, https:\/\/fotostudio24.de\/wp-content\/uploads\/2016\/03\/40-340x255.jpg 340w, https:\/\/fotostudio24.de\/wp-content\/uploads\/2016\/03\/40-306x229.jpg 306w, https:\/\/fotostudio24.de\/wp-content\/uploads\/2016\/03\/40-260x195.jpg 260w, https:\/\/fotostudio24.de\/wp-content\/uploads\/2016\/03\/40.jpg 1067w\" sizes=\"(max-width: 317px) 100vw, 317px\" \/><img loading=\"lazy\" decoding=\"async\" class=\"alignnone wp-image-294\" src=\"http:\/\/fotostudio24.de\/wp-content\/uploads\/2016\/03\/41.jpg\" alt=\"\" width=\"243\" height=\"238\" srcset=\"https:\/\/fotostudio24.de\/wp-content\/uploads\/2016\/03\/41.jpg 818w, https:\/\/fotostudio24.de\/wp-content\/uploads\/2016\/03\/41-300x293.jpg 300w, https:\/\/fotostudio24.de\/wp-content\/uploads\/2016\/03\/41-768x751.jpg 768w, https:\/\/fotostudio24.de\/wp-content\/uploads\/2016\/03\/41-340x333.jpg 340w, https:\/\/fotostudio24.de\/wp-content\/uploads\/2016\/03\/41-306x299.jpg 306w, https:\/\/fotostudio24.de\/wp-content\/uploads\/2016\/03\/41-260x254.jpg 260w\" sizes=\"(max-width: 243px) 100vw, 243px\" \/><img loading=\"lazy\" decoding=\"async\" class=\"alignnone wp-image-149\" src=\"http:\/\/fotostudio24.de\/wp-content\/uploads\/2016\/03\/unbenannt-7471.jpg\" alt=\"\" width=\"355\" height=\"238\" srcset=\"https:\/\/fotostudio24.de\/wp-content\/uploads\/2016\/03\/unbenannt-7471.jpg 800w, https:\/\/fotostudio24.de\/wp-content\/uploads\/2016\/03\/unbenannt-7471-300x201.jpg 300w, https:\/\/fotostudio24.de\/wp-content\/uploads\/2016\/03\/unbenannt-7471-768x516.jpg 768w, https:\/\/fotostudio24.de\/wp-content\/uploads\/2016\/03\/unbenannt-7471-340x228.jpg 340w, https:\/\/fotostudio24.de\/wp-content\/uploads\/2016\/03\/unbenannt-7471-306x205.jpg 306w, https:\/\/fotostudio24.de\/wp-content\/uploads\/2016\/03\/unbenannt-7471-610x407.jpg 610w, https:\/\/fotostudio24.de\/wp-content\/uploads\/2016\/03\/unbenannt-7471-260x175.jpg 260w\" sizes=\"(max-width: 355px) 100vw, 355px\" \/><\/span><\/strong><\/span><\/p>\n<p>Qualit\u00e4t und ein gutes Konzept ist der erste Schritt zum Erfolg!<br \/>\nDas bin ich: Frank Luger, seit knapp 30 Jahren Berufsphotograph, seit \u00fcber 20 Jahren bin ich mit meinem eigenen Studio erfolgreich.<br \/>\nIch bin international ausgezeichnet als:<br \/>\nInternational Photographer of Excellence IPQ<br \/>\nPhotographer of the Year 2011 bpp\u201c mit vielen Top-Platzierungen bei internationalen Wettbewerben<\/p>\n<p>\u2026und dann habe ich auch noch ganz klassisch die Pr\u00fcfung zur zum Photographenmeister abgelegt.<\/p>\n<p>Du bist Photograph\/-in und m\u00f6chtest dich intensiv weiterbilden? (Photograph mit Gewerbeanmeldung\/Steuernummer)<br \/>\nDann helfe ich dir gerne! Einzelworkshops (oder Coachings)\u00a0sind die intensivste Art zu lernen.\u00a0Meine \u201cAuge um Auge\u201d Kurse werden dabei einzig und alleine auf Dich\u00a0zugeschnitten und vorbereitet.\u00a0Was dabei gelehrt wird bestimmst Du, denn Du\u00a0sollst das Maximum an Wissen in k\u00fcrzester Zeit bekommen.<\/p>\n<p><span style=\"color: #df921f;\"><strong><span style=\"color: #ff9900;\">Meine Workshop- und Coachingangebote f\u00fcr euch:<\/span><br \/>\n<\/strong><\/span>Lerne in den photographischen\/wirtschaftlichen Bereichen, die dir wichtig sind! In deinem Studio \u2013 in deinem Ambiente \u2013 mit deiner Blitztechnik \u2013 in deinem gewohnten Arbeitsumfeld \u2013 mit deiner Ausr\u00fcstung oder komme zu mir in mein Photostudio<\/p>\n<p>Das k\u00f6nnten deine Themen sein:<\/p>\n<ul>\n<li>Grundlagen bis zur Meister-Photographie<\/li>\n<li>Bildgestaltung<\/li>\n<li>Studio-Blitztechnik-Dauerlicht<\/li>\n<li>Lichtformer, im Fotostudio oder Outdoor<\/li>\n<li>Posing, Styling<\/li>\n<li>Composing Photographie<\/li>\n<li>Produkt und Tabletop-Photographie<\/li>\n<li>von der Idee bis zum fertigen Bild\u2026<\/li>\n<li>Optimiere deinen Workflow wie Bildbearbeitung, Design, lerne kleine Kniffe und Tricks!<\/li>\n<\/ul>\n<p>Profitiere von einem Feedback in Form einer Bildbesprechung\/Bildanalyse deiner Arbeiten!<br \/>\n\u00dcberpr\u00fcfen oder Erarbeiten wir eine Wirtschaftlichkeitsrechnung und Kalkulation!<br \/>\n\u2026und was noch so alles dazu geh\u00f6rt.<\/p>\n<p><span style=\"color: #ff9900;\"><strong>Ablauf bis zum\u00a0Kurs:<br \/>\n<\/strong><\/span>Ich kann Dir nur etwas lehren, wenn ich Dich auch kennen gelernt habe. Daher ist ein Telefonat, oder eine Skypekonferenz unabdingbar. Erst wenn ich Deinen genauen Wissensstand kenne, ist es m\u00f6glich den Kurs genau vorzubereiten. Dabei wird nicht nur erarbeitet was Du lernen willst, sondern auch aktuelle Arbeiten begutachtet um genau dort ansetzten zu k\u00f6nnen, wo Dein Wissensstand gerade ist.<\/p>\n<p>Steht dies fest, stelle ich Dir einen Schulungsplan zusammen, buche wenn n\u00f6tig ein Model und bereite alles f\u00fcr den gro\u00dfen Tag vor.<\/p>\n<p><span style=\"color: #c0c0c0;\"><strong><span style=\"color: #ff9900;\">Gruppencoaching mit mind. 3 bis max. 6 Teilnehmer:<br \/>\n<\/span><\/strong><\/span>1-Tages-Coaching von ca. 11.00 Uhr bis 17.00 Uhr<br \/>\nje Person 445,- Euro zuz\u00fcglich 19% MwSt., zuz\u00fcglich Reisekosten, wenn das Coaching vor Ort bei euch stattfindet.<\/p>\n<p>\u00dcbernachtungsm\u00f6glichkeiten gibt es ab ca. 45,-\u20ac in der n\u00e4heren Umgebung.<\/p>\n<p><span style=\"color: #c0c0c0;\"><strong><span style=\"color: #ff9900;\">Einzel-Intensivcoachings:<\/span><br \/>\n<\/strong><\/span>Start ca. 11.00 Uhr bis ca. 17.00\/17:30 Uhr + 1 h telefonischer Bildbesprechung\/Mentoring deiner neuen Arbeiten<br \/>\n890,- Euro zuz\u00fcglich 19% MwSt., zuz\u00fcglich Reisekosten, wenn das Coaching vor Ort bei euch stattfindet.<\/p>\n<p><strong>Gerne unterbreite ich euch auch ein spezielles Angebot, wenn Ihr besondere W\u00fcnsche habt oder Ihr ein Coaching oder<\/strong><br \/>\n<strong>einen Workshop f\u00fcr eure Firma oder euren Verband\/Gruppe ben\u00f6tigt.<\/strong><\/p>\n<p>&nbsp;<\/p>\n","protected":false},"excerpt":{"rendered":"<p>\u00a0 Qualit\u00e4t und ein gutes Konzept ist der erste Schritt zum Erfolg! Das bin ich: Frank Luger, seit knapp 30 Jahren Berufsphotograph, seit \u00fcber 20 Jahren bin ich mit meinem eigenen Studio erfolgreich. Ich bin international ausgezeichnet als: International Photographer of Excellence IPQ Photographer of the Year 2011 bpp\u201c mit vielen Top-Platzierungen bei internationalen Wettbewerben [&hellip;]<\/p>\n","protected":false},"author":1,"featured_media":0,"parent":0,"menu_order":0,"comment_status":"closed","ping_status":"closed","template":"","meta":{"footnotes":""},"_links":{"self":[{"href":"https:\/\/fotostudio24.de\/index.php?rest_route=\/wp\/v2\/pages\/284"}],"collection":[{"href":"https:\/\/fotostudio24.de\/index.php?rest_route=\/wp\/v2\/pages"}],"about":[{"href":"https:\/\/fotostudio24.de\/index.php?rest_route=\/wp\/v2\/types\/page"}],"author":[{"embeddable":true,"href":"https:\/\/fotostudio24.de\/index.php?rest_route=\/wp\/v2\/users\/1"}],"replies":[{"embeddable":true,"href":"https:\/\/fotostudio24.de\/index.php?rest_route=%2Fwp%2Fv2%2Fcomments&post=284"}],"version-history":[{"count":11,"href":"https:\/\/fotostudio24.de\/index.php?rest_route=\/wp\/v2\/pages\/284\/revisions"}],"predecessor-version":[{"id":383,"href":"https:\/\/fotostudio24.de\/index.php?rest_route=\/wp\/v2\/pages\/284\/revisions\/383"}],"wp:attachment":[{"href":"https:\/\/fotostudio24.de\/index.php?rest_route=%2Fwp%2Fv2%2Fmedia&parent=284"}],"curies":[{"name":"wp","href":"https:\/\/api.w.org\/{rel}","templated":true}]}}