{"id":336,"date":"2017-01-05T18:54:07","date_gmt":"2017-01-05T18:54:07","guid":{"rendered":"http:\/\/fotostudio24.de\/?page_id=336"},"modified":"2017-01-05T18:54:07","modified_gmt":"2017-01-05T18:54:07","slug":"stockmodels-auch-laien-gesucht","status":"publish","type":"page","link":"https:\/\/fotostudio24.de\/?page_id=336","title":{"rendered":"Stockmodels (auch Laien) gesucht"},"content":{"rendered":"<p style=\"margin-bottom: 0cm;\"><img loading=\"lazy\" decoding=\"async\" class=\"alignnone wp-image-232\" src=\"http:\/\/fotostudio24.de\/wp-content\/uploads\/2016\/03\/Marc-1650-2-1024x620.jpg\" alt=\"\" width=\"900\" height=\"545\" srcset=\"https:\/\/fotostudio24.de\/wp-content\/uploads\/2016\/03\/Marc-1650-2-1024x620.jpg 1024w, https:\/\/fotostudio24.de\/wp-content\/uploads\/2016\/03\/Marc-1650-2-300x182.jpg 300w, https:\/\/fotostudio24.de\/wp-content\/uploads\/2016\/03\/Marc-1650-2-768x465.jpg 768w, https:\/\/fotostudio24.de\/wp-content\/uploads\/2016\/03\/Marc-1650-2-920x557.jpg 920w, https:\/\/fotostudio24.de\/wp-content\/uploads\/2016\/03\/Marc-1650-2-340x206.jpg 340w, https:\/\/fotostudio24.de\/wp-content\/uploads\/2016\/03\/Marc-1650-2-306x185.jpg 306w, https:\/\/fotostudio24.de\/wp-content\/uploads\/2016\/03\/Marc-1650-2-260x157.jpg 260w, https:\/\/fotostudio24.de\/wp-content\/uploads\/2016\/03\/Marc-1650-2.jpg 1600w\" sizes=\"(max-width: 900px) 100vw, 900px\" \/><br \/>\nF\u00fcr unsere Photoproduktionen suchen wir immer wieder interessante Menschen mit Ausstrahlung. Gerne auch mit interessanten oder ausgefallenen Hobbys bzw. Berufen.<\/p>\n<p>Wir suchen Frauen oder M\u00e4nner jeden Alters (Vollj\u00e4hrigkeit vorausgesetzt), sehr sehr gerne auch Senioren. Auch richtige \u00bbTypen\u00ab sind gerne gesehen, individuell, anders, auf keinen Fall k\u00fcnstlich im Erscheinungsbild.<\/p>\n<p>Wichtig sind vor allem eine sympathische Ausstrahlung und die F\u00e4higkeit, sich ganz unverkrampft in allt\u00e4glichen Situationen zu zeigen und photographieren zu lassen. Menschen, die wir\u00a0suchen, sollten folgende Voraussetzungen erf\u00fcllen:<br \/>\n\u2022 sich gerne photographieren lassen<br \/>\n\u2022 f\u00fcr jeden Spa\u00df zu haben<br \/>\n\u2022 keine sichtbaren Piercings oder Tattoos haben<br \/>\n\u2022 toll w\u00e4re ein bisschen schauspielerisches Talent und die F\u00e4higkeit, Emotionen ausdr\u00fccken zu k\u00f6nnen<\/p>\n<p>Die Photos werden von uns \u00fcber Stock (Bild-) Agenturen verkauft, es darf also kein Problem darstellen, sein Gesicht hier und da auch im Internet wiederzufinden. (Hier ein <a href=\"https:\/\/de.wikipedia.org\/wiki\/Stockfotografie\" target=\"_blank\">Link<\/a> zu Wikipedia, was Stockphotographie ist.) In allen F\u00e4llen wird ein Model-Vertrag (Model Release) abgeschlossen.<\/p>\n<p>Muster Model Release<br \/>\n<a href=\"http:\/\/www.albstadt-net.de\/daten\/Model_Release%20Muster-Vertrag.pdf\" target=\"_blank\"><img loading=\"lazy\" decoding=\"async\" class=\"alignnone wp-image-337\" src=\"http:\/\/fotostudio24.de\/wp-content\/uploads\/2017\/01\/pdficon-300x277-150x150.png\" alt=\"pdficon-300x277\" width=\"53\" height=\"47\" \/><\/a><\/p>\n<p><span style=\"color: #b57900;\"><strong>F\u00fcr eine Bewerbung ben\u00f6tigen wir:<\/strong><\/span><\/p>\n<ul>\n<li>Aussagekr\u00e4ftige, m\u00f6glichst aktuelle Photos<\/li>\n<li>Alter<\/li>\n<li>Wohnort (zu gro\u00dfe Entfernungen machen keinen Sinn)<\/li>\n<li>K\u00f6rpergr\u00f6\u00dfe\/Konfektionsgr\u00f6\u00dfe<\/li>\n<li>Kontaktdaten<\/li>\n<\/ul>\n<p><span style=\"color: #b57900;\"><strong>Honorar: <\/strong><\/span>Je nach L\u00e4nge und Aufwand wird ein angemessenes Honorar, welches im Vorfeld abzukl\u00e4ren ist, vereinbart. Zus\u00e4tzlich erh\u00e4lt das Model eine von uns getroffene Auswahl der bearbeiteten Photos zur Eigenwerbung. F\u00fcr Amateurmodelle ohne Erfahrung bezahlen wir in der Regel f\u00fcr das erste Photoshooting kein Honorar.<\/p>\n<p><span style=\"color: #b57900;\"><strong>Wen wir NICHT suchen:<\/strong><\/span><\/p>\n<ul>\n<li>Models die den Muster-Vertrag vor der Kontaktaufnahme noch nicht gelesen haben<\/li>\n<li>Unzuverl\u00e4ssige, unp\u00fcnktliche Models<\/li>\n<li>Menschen die bei der Kontaktaufnahme weder Anrede noch Verabschiedung f\u00fcr n\u00f6tig halten.<\/li>\n<\/ul>\n<p>&nbsp;<\/p>\n<p><span style=\"color: #b57900;\"><strong>Wen wir suchen:<\/strong><\/span><\/p>\n<ul>\n<li>Models die den Muster-Vertrag vor der Kontaktaufnahme gelesen haben<\/li>\n<li>Freundliche, positive, gepflegte Menschen egal welchen Alters, die gerne lachen und auch Spa\u00df mitbringen.<\/li>\n<li>Models die ihre Arbeit gewissenhaft ausf\u00fchren wollen.<\/li>\n<\/ul>\n<p>Haben Sie Interesse als Model oder haben Sie weitere Fragen? Dann nehmen Sie einfach <a href=\"http:\/\/fotostudio24.de\/?page_id=82\" target=\"_blank\">Kontakt<\/a> zu uns auf. Wir\u00a0freuen uns auf Ihre Zuschriften. (Unsere Antworten k\u00f6nnen ein paar Tage dauern, bitte etwas Geduld)<\/p>\n","protected":false},"excerpt":{"rendered":"<p>F\u00fcr unsere Photoproduktionen suchen wir immer wieder interessante Menschen mit Ausstrahlung. Gerne auch mit interessanten oder ausgefallenen Hobbys bzw. Berufen. Wir suchen Frauen oder M\u00e4nner jeden Alters (Vollj\u00e4hrigkeit vorausgesetzt), sehr sehr gerne auch Senioren. Auch richtige \u00bbTypen\u00ab sind gerne gesehen, individuell, anders, auf keinen Fall k\u00fcnstlich im Erscheinungsbild. Wichtig sind vor allem eine sympathische Ausstrahlung [&hellip;]<\/p>\n","protected":false},"author":1,"featured_media":0,"parent":0,"menu_order":0,"comment_status":"closed","ping_status":"closed","template":"","meta":{"footnotes":""},"_links":{"self":[{"href":"https:\/\/fotostudio24.de\/index.php?rest_route=\/wp\/v2\/pages\/336"}],"collection":[{"href":"https:\/\/fotostudio24.de\/index.php?rest_route=\/wp\/v2\/pages"}],"about":[{"href":"https:\/\/fotostudio24.de\/index.php?rest_route=\/wp\/v2\/types\/page"}],"author":[{"embeddable":true,"href":"https:\/\/fotostudio24.de\/index.php?rest_route=\/wp\/v2\/users\/1"}],"replies":[{"embeddable":true,"href":"https:\/\/fotostudio24.de\/index.php?rest_route=%2Fwp%2Fv2%2Fcomments&post=336"}],"version-history":[{"count":12,"href":"https:\/\/fotostudio24.de\/index.php?rest_route=\/wp\/v2\/pages\/336\/revisions"}],"predecessor-version":[{"id":349,"href":"https:\/\/fotostudio24.de\/index.php?rest_route=\/wp\/v2\/pages\/336\/revisions\/349"}],"wp:attachment":[{"href":"https:\/\/fotostudio24.de\/index.php?rest_route=%2Fwp%2Fv2%2Fmedia&parent=336"}],"curies":[{"name":"wp","href":"https:\/\/api.w.org\/{rel}","templated":true}]}}